{"id":12,"date":"2015-10-14T16:39:39","date_gmt":"2015-10-14T16:39:39","guid":{"rendered":"http:\/\/www.multicinemascr.com\/contenido\/?page_id=12"},"modified":"2017-02-15T17:02:00","modified_gmt":"2017-02-15T17:02:00","slug":"celebra-tu-cumpleanos","status":"publish","type":"page","link":"https:\/\/www.multicinemascr.com\/contenido\/celebra-tu-cumpleanos\/","title":{"rendered":"Celebra tu Cumplea\u00f1os"},"content":{"rendered":"<h2><\/h2>\n<p>&nbsp;<\/p>\n<h4 style=\"text-align: left;\"><span style=\"color: #464646;\">Ven a celebrar tu cumplea\u00f1os con nosotros\u00a0 y tendr\u00e1s un cumplea\u00f1os de pel\u00edcula!<\/span><\/h4>\n<h4><span style=\"color: #005dab;\">Ofrecemos:<\/span><\/h4>\n<ul>\n<li style=\"text-align: left;\">Salas de cine \/ Pel\u00edcula<\/li>\n<li style=\"text-align: left;\">Invitaciones<\/li>\n<li style=\"text-align: left;\">Combos<\/li>\n<li style=\"text-align: left;\">Pastel (si deseas lo puedes adquirir con nosotros o lo puedes traer)<\/li>\n<li style=\"text-align: left;\">Bolsitas con confites (si deseas lo puedes adquirir con nosotros o lo puedes traer).<\/li>\n<li style=\"text-align: left;\">Decoraci\u00f3n (Seg\u00fan decisi\u00f3n del cliente)<\/li>\n<\/ul>\n\n<div class=\"wpcf7 no-js\" id=\"wpcf7-f173-o1\" lang=\"es-ES\" dir=\"ltr\" data-wpcf7-id=\"173\">\n<div class=\"screen-reader-response\"><p role=\"status\" aria-live=\"polite\" aria-atomic=\"true\"><\/p> <ul><\/ul><\/div>\n<form action=\"\/contenido\/wp-json\/wp\/v2\/pages\/12#wpcf7-f173-o1\" method=\"post\" class=\"wpcf7-form init\" aria-label=\"Formulario de contacto\" novalidate=\"novalidate\" data-status=\"init\">\n<div style=\"display: none;\">\n<input type=\"hidden\" name=\"_wpcf7\" value=\"173\" \/>\n<input type=\"hidden\" name=\"_wpcf7_version\" value=\"6.0.5\" \/>\n<input type=\"hidden\" name=\"_wpcf7_locale\" value=\"es_ES\" \/>\n<input type=\"hidden\" name=\"_wpcf7_unit_tag\" value=\"wpcf7-f173-o1\" \/>\n<input type=\"hidden\" name=\"_wpcf7_container_post\" value=\"0\" \/>\n<input type=\"hidden\" name=\"_wpcf7_posted_data_hash\" value=\"\" \/>\n<input type=\"hidden\" name=\"_wpcf7_recaptcha_response\" value=\"\" \/>\n<\/div>\n<div class\"form\">\n\t<h3 class:\"titulo_form\">Para brindarte una cotizaci\u00f3n por favor completar los con su informaci\u00f3n:\n\t<\/h3>\n<hr \/>\n\t<p style=\"padding-top: 20px;\">Complejo:\n\t<\/p>\n\t<p><span class=\"wpcf7-form-control-wrap\" data-name=\"Complejo\"><input size=\"40\" maxlength=\"400\" class=\"wpcf7-form-control wpcf7-text wpcf7-validates-as-required\" aria-required=\"true\" aria-invalid=\"false\" value=\"\" type=\"text\" name=\"Complejo\" \/><\/span>\n\t<\/p>\n\t<p>Nombre:\n\t<\/p>\n\t<p><span class=\"wpcf7-form-control-wrap\" data-name=\"your-name\"><input size=\"40\" maxlength=\"400\" class=\"wpcf7-form-control wpcf7-text wpcf7-validates-as-required\" aria-required=\"true\" aria-invalid=\"false\" value=\"\" type=\"text\" name=\"your-name\" \/><\/span>\n\t<\/p>\n\t<p>Tel\u00e9fono:\n\t<\/p>\n\t<p><span class=\"wpcf7-form-control-wrap\" data-name=\"Telefono\"><input size=\"40\" maxlength=\"400\" class=\"wpcf7-form-control wpcf7-tel wpcf7-validates-as-required wpcf7-text wpcf7-validates-as-tel\" aria-required=\"true\" aria-invalid=\"false\" value=\"\" type=\"tel\" name=\"Telefono\" \/><\/span>\n\t<\/p>\n\t<p>Tu e-mail:\n\t<\/p>\n\t<p><span class=\"wpcf7-form-control-wrap\" data-name=\"your-email\"><input size=\"40\" maxlength=\"400\" class=\"wpcf7-form-control wpcf7-email wpcf7-validates-as-required wpcf7-text wpcf7-validates-as-email\" aria-required=\"true\" aria-invalid=\"false\" value=\"\" type=\"email\" name=\"your-email\" \/><\/span>\n\t<\/p>\n\t<p>Pel\u00edcula:\n\t<\/p>\n\t<p><span class=\"wpcf7-form-control-wrap\" data-name=\"Pelicula\"><input size=\"40\" maxlength=\"400\" class=\"wpcf7-form-control wpcf7-text wpcf7-validates-as-required\" aria-required=\"true\" aria-invalid=\"false\" value=\"\" type=\"text\" name=\"Pelicula\" \/><\/span>\n\t<\/p>\n\t<p>Fecha:\n\t<\/p>\n\t<p><span class=\"wpcf7-form-control-wrap\" data-name=\"Fecha\"><input class=\"wpcf7-form-control wpcf7-date wpcf7-validates-as-required wpcf7-validates-as-date fecha_1\" aria-required=\"true\" aria-invalid=\"false\" value=\"\" type=\"date\" name=\"Fecha\" \/><\/span>\n\t<\/p>\n\t<p>Horario:\n\t<\/p>\n\t<p><span class=\"wpcf7-form-control-wrap\" data-name=\"Horario\"><select class=\"wpcf7-form-control wpcf7-select wpcf7-validates-as-required horario_1\" aria-required=\"true\" aria-invalid=\"false\" name=\"Horario\"><option value=\"1:00 am\">1:00 am<\/option><option value=\"2:00 am\">2:00 am<\/option><option value=\"3:00 am\">3:00 am<\/option><option value=\"4:00 am\">4:00 am<\/option><option value=\"5:00 am\">5:00 am<\/option><option value=\"6:00 am\">6:00 am<\/option><option value=\"7:00 am\">7:00 am<\/option><option value=\"8:00 am\">8:00 am<\/option><option value=\"9:00 am\">9:00 am<\/option><option value=\"10:00 am\">10:00 am<\/option><option value=\"11:00 am\">11:00 am<\/option><option value=\"12:00 am\">12:00 am<\/option><option value=\"1:00 pm\">1:00 pm<\/option><option value=\"2:00 pm\">2:00 pm<\/option><option value=\"3:00 pm\">3:00 pm<\/option><option value=\"4:00 pm\">4:00 pm<\/option><option value=\"5:00 pm\">5:00 pm<\/option><option value=\"6:00 pm\">6:00 pm<\/option><option value=\"7:00 pm\">7:00 pm<\/option><option value=\"8:00 pm\">8:00 pm<\/option><option value=\"9:00 pm\">9:00 pm<\/option><option value=\"10:00 pm\">10:00 pm<\/option><option value=\"11:00 pm\">11:00 pm<\/option><option value=\"12:00 pm\">12:00 pm<\/option><\/select><\/span>\n\t<\/p>\n\t<p>Invitados:\n\t<\/p>\n\t<p><span class=\"wpcf7-form-control-wrap\" data-name=\"Invitados\"><input size=\"40\" maxlength=\"400\" class=\"wpcf7-form-control wpcf7-text wpcf7-validates-as-required\" aria-required=\"true\" aria-invalid=\"false\" value=\"\" type=\"text\" name=\"Invitados\" \/><\/span>\n\t<\/p>\n\t<p><input class=\"wpcf7-form-control wpcf7-submit has-spinner\" type=\"submit\" value=\"Enviar\" \/>\n\t<\/p>\n<hr \/>\n\t<h3 class:\"titulo_form_fin\">Enviaremos a tu e-mail una cotizaci\u00f3n con la informaci\u00f3n\n\t<\/h3>\n<\/div><div class=\"wpcf7-response-output\" aria-hidden=\"true\"><\/div>\n<\/form>\n<\/div>\n\n","protected":false},"excerpt":{"rendered":"<p>&nbsp; Ven a celebrar tu cumplea\u00f1os con nosotros\u00a0 y tendr\u00e1s un cumplea\u00f1os de pel\u00edcula! Ofrecemos: Salas de cine \/ Pel\u00edcula Invitaciones Combos Pastel (si deseas lo<span class=\"excerpt-hellip\"> [\u2026]<\/span><\/p>\n","protected":false},"author":2,"featured_media":0,"parent":0,"menu_order":0,"comment_status":"closed","ping_status":"closed","template":"","meta":{"footnotes":""},"class_list":["post-12","page","type-page","status-publish","hentry"],"yoast_head":"<!-- This site is optimized with the Yoast SEO plugin v24.7 - https:\/\/yoast.com\/wordpress\/plugins\/seo\/ -->\n<title>Fiestas cumplea\u00f1os, reservaci\u00f3n salas de cine, infantiles, privadas por Multicinemas Costa Rica<\/title>\n<meta name=\"robots\" content=\"index, follow, max-snippet:-1, max-image-preview:large, max-video-preview:-1\" \/>\n<link rel=\"canonical\" href=\"https:\/\/www.multicinemascr.com\/contenido\/celebra-tu-cumpleanos\/\" \/>\n<meta property=\"og:locale\" content=\"es_ES\" \/>\n<meta property=\"og:type\" content=\"article\" \/>\n<meta property=\"og:title\" content=\"Fiestas cumplea\u00f1os, reservaci\u00f3n salas de cine, infantiles, privadas por Multicinemas Costa Rica\" \/>\n<meta property=\"og:description\" content=\"&nbsp; Ven a celebrar tu cumplea\u00f1os con nosotros\u00a0 y tendr\u00e1s un cumplea\u00f1os de pel\u00edcula! Ofrecemos: Salas de cine \/ Pel\u00edcula Invitaciones Combos Pastel (si deseas lo [\u2026]\" \/>\n<meta property=\"og:url\" content=\"https:\/\/www.multicinemascr.com\/contenido\/celebra-tu-cumpleanos\/\" \/>\n<meta property=\"og:site_name\" content=\"Multicinemas Costa Rica\" \/>\n<meta property=\"article:modified_time\" content=\"2017-02-15T17:02:00+00:00\" \/>\n<meta name=\"twitter:card\" content=\"summary_large_image\" \/>\n<script type=\"application\/ld+json\" class=\"yoast-schema-graph\">{\"@context\":\"https:\/\/schema.org\",\"@graph\":[{\"@type\":\"WebPage\",\"@id\":\"https:\/\/www.multicinemascr.com\/contenido\/celebra-tu-cumpleanos\/\",\"url\":\"https:\/\/www.multicinemascr.com\/contenido\/celebra-tu-cumpleanos\/\",\"name\":\"Fiestas cumplea\u00f1os, reservaci\u00f3n salas de cine, infantiles, privadas por Multicinemas Costa Rica\",\"isPartOf\":{\"@id\":\"https:\/\/www.multicinemascr.com\/contenido\/#website\"},\"datePublished\":\"2015-10-14T16:39:39+00:00\",\"dateModified\":\"2017-02-15T17:02:00+00:00\",\"breadcrumb\":{\"@id\":\"https:\/\/www.multicinemascr.com\/contenido\/celebra-tu-cumpleanos\/#breadcrumb\"},\"inLanguage\":\"es\",\"potentialAction\":[{\"@type\":\"ReadAction\",\"target\":[\"https:\/\/www.multicinemascr.com\/contenido\/celebra-tu-cumpleanos\/\"]}]},{\"@type\":\"BreadcrumbList\",\"@id\":\"https:\/\/www.multicinemascr.com\/contenido\/celebra-tu-cumpleanos\/#breadcrumb\",\"itemListElement\":[{\"@type\":\"ListItem\",\"position\":1,\"name\":\"Portada\",\"item\":\"https:\/\/www.multicinemascr.com\/contenido\/\"},{\"@type\":\"ListItem\",\"position\":2,\"name\":\"Celebra tu Cumplea\u00f1os\"}]},{\"@type\":\"WebSite\",\"@id\":\"https:\/\/www.multicinemascr.com\/contenido\/#website\",\"url\":\"https:\/\/www.multicinemascr.com\/contenido\/\",\"name\":\"Multicinemas Costa Rica\",\"description\":\"\",\"potentialAction\":[{\"@type\":\"SearchAction\",\"target\":{\"@type\":\"EntryPoint\",\"urlTemplate\":\"https:\/\/www.multicinemascr.com\/contenido\/?s={search_term_string}\"},\"query-input\":{\"@type\":\"PropertyValueSpecification\",\"valueRequired\":true,\"valueName\":\"search_term_string\"}}],\"inLanguage\":\"es\"}]}<\/script>\n<!-- \/ Yoast SEO plugin. -->","yoast_head_json":{"title":"Fiestas cumplea\u00f1os, reservaci\u00f3n salas de cine, infantiles, privadas por Multicinemas Costa Rica","robots":{"index":"index","follow":"follow","max-snippet":"max-snippet:-1","max-image-preview":"max-image-preview:large","max-video-preview":"max-video-preview:-1"},"canonical":"https:\/\/www.multicinemascr.com\/contenido\/celebra-tu-cumpleanos\/","og_locale":"es_ES","og_type":"article","og_title":"Fiestas cumplea\u00f1os, reservaci\u00f3n salas de cine, infantiles, privadas por Multicinemas Costa Rica","og_description":"&nbsp; Ven a celebrar tu cumplea\u00f1os con nosotros\u00a0 y tendr\u00e1s un cumplea\u00f1os de pel\u00edcula! Ofrecemos: Salas de cine \/ Pel\u00edcula Invitaciones Combos Pastel (si deseas lo [\u2026]","og_url":"https:\/\/www.multicinemascr.com\/contenido\/celebra-tu-cumpleanos\/","og_site_name":"Multicinemas Costa Rica","article_modified_time":"2017-02-15T17:02:00+00:00","twitter_card":"summary_large_image","schema":{"@context":"https:\/\/schema.org","@graph":[{"@type":"WebPage","@id":"https:\/\/www.multicinemascr.com\/contenido\/celebra-tu-cumpleanos\/","url":"https:\/\/www.multicinemascr.com\/contenido\/celebra-tu-cumpleanos\/","name":"Fiestas cumplea\u00f1os, reservaci\u00f3n salas de cine, infantiles, privadas por Multicinemas Costa Rica","isPartOf":{"@id":"https:\/\/www.multicinemascr.com\/contenido\/#website"},"datePublished":"2015-10-14T16:39:39+00:00","dateModified":"2017-02-15T17:02:00+00:00","breadcrumb":{"@id":"https:\/\/www.multicinemascr.com\/contenido\/celebra-tu-cumpleanos\/#breadcrumb"},"inLanguage":"es","potentialAction":[{"@type":"ReadAction","target":["https:\/\/www.multicinemascr.com\/contenido\/celebra-tu-cumpleanos\/"]}]},{"@type":"BreadcrumbList","@id":"https:\/\/www.multicinemascr.com\/contenido\/celebra-tu-cumpleanos\/#breadcrumb","itemListElement":[{"@type":"ListItem","position":1,"name":"Portada","item":"https:\/\/www.multicinemascr.com\/contenido\/"},{"@type":"ListItem","position":2,"name":"Celebra tu Cumplea\u00f1os"}]},{"@type":"WebSite","@id":"https:\/\/www.multicinemascr.com\/contenido\/#website","url":"https:\/\/www.multicinemascr.com\/contenido\/","name":"Multicinemas Costa Rica","description":"","potentialAction":[{"@type":"SearchAction","target":{"@type":"EntryPoint","urlTemplate":"https:\/\/www.multicinemascr.com\/contenido\/?s={search_term_string}"},"query-input":{"@type":"PropertyValueSpecification","valueRequired":true,"valueName":"search_term_string"}}],"inLanguage":"es"}]}},"_links":{"self":[{"href":"https:\/\/www.multicinemascr.com\/contenido\/wp-json\/wp\/v2\/pages\/12","targetHints":{"allow":["GET"]}}],"collection":[{"href":"https:\/\/www.multicinemascr.com\/contenido\/wp-json\/wp\/v2\/pages"}],"about":[{"href":"https:\/\/www.multicinemascr.com\/contenido\/wp-json\/wp\/v2\/types\/page"}],"author":[{"embeddable":true,"href":"https:\/\/www.multicinemascr.com\/contenido\/wp-json\/wp\/v2\/users\/2"}],"replies":[{"embeddable":true,"href":"https:\/\/www.multicinemascr.com\/contenido\/wp-json\/wp\/v2\/comments?post=12"}],"version-history":[{"count":18,"href":"https:\/\/www.multicinemascr.com\/contenido\/wp-json\/wp\/v2\/pages\/12\/revisions"}],"predecessor-version":[{"id":303,"href":"https:\/\/www.multicinemascr.com\/contenido\/wp-json\/wp\/v2\/pages\/12\/revisions\/303"}],"wp:attachment":[{"href":"https:\/\/www.multicinemascr.com\/contenido\/wp-json\/wp\/v2\/media?parent=12"}],"curies":[{"name":"wp","href":"https:\/\/api.w.org\/{rel}","templated":true}]}}